{"id":3677,"date":"2013-05-21T00:32:34","date_gmt":"2013-05-21T00:32:34","guid":{"rendered":"http:\/\/www.drogariasguanabara.com.br\/site\/?page_id=3677"},"modified":"2019-07-30T20:40:51","modified_gmt":"2019-07-30T20:40:51","slug":"home-2","status":"publish","type":"page","link":"https:\/\/www.drogariasguanabara.com.br\/","title":{"rendered":"Home"},"content":{"rendered":"[vc_row][vc_column][vc_empty_space][\/vc_column][\/vc_row][vc_row][vc_column width=&#8221;1\/2&#8243;][vc_row_inner][vc_column_inner width=&#8221;1\/2&#8243;][vc_single_image image=&#8221;5264&#8243;][\/vc_column_inner][vc_column_inner width=&#8221;1\/2&#8243;][vc_column_text]\n<h4><span style=\"color: #ff0000;\">PRODUTOS GUANABARA\u00a0<\/span><\/h4>\n<p>Eles vieram para ficar. Pre\u00e7o, qualidade e confian\u00e7a fazem desta uma marca de sucesso.<\/p>\n<h5 style=\"text-align: right;\"><span style=\"color: #172983;\"><a href=\"http:\/\/www.drogariasguanabara.com.br\/site\/?page_id=3853\" target=\"_blank\" rel=\"noopener noreferrer\">Saiba mais&#8230;<\/a><\/span><\/h5>\n[\/vc_column_text][\/vc_column_inner][\/vc_row_inner][\/vc_column][vc_column width=&#8221;1\/2&#8243;][vc_tta_tabs][vc_tta_section title=&#8221;POP&#8221; tab_id=&#8221;1522945215776-3c983e3b-553d&#8221;][vc_column_text]<a href=\"https:\/\/radiobox.us\/player\/local\/131\/ \"><img loading=\"lazy\" class=\"alignleft wp-image-5911 size-full\" src=\"http:\/\/www.drogariasguanabara.com.br\/site\/wp-content\/uploads\/2018\/02\/RADIO-POP_1.png\" alt=\"\" width=\"260\" height=\"72\" \/><\/a>[\/vc_column_text][\/vc_tta_section][vc_tta_section title=&#8221;Light&#8221; tab_id=&#8221;1522945215995-f8a2caa9-3cc7&#8243;][vc_column_text]<a href=\"https:\/\/radiobox.us\/player\/local\/132\/\"><img loading=\"lazy\" class=\"alignleft wp-image-5913 size-full\" src=\"http:\/\/www.drogariasguanabara.com.br\/site\/wp-content\/uploads\/2018\/02\/RADIO-LIGHT_1.png\" alt=\"\" width=\"260\" height=\"72\" \/><\/a>[\/vc_column_text][\/vc_tta_section][vc_tta_section title=&#8221;Gospel&#8221; tab_id=&#8221;1522946161123-7aff8496-8ac1&#8243;][vc_column_text]<a href=\"https:\/\/radiobox.us\/player\/local\/133\/\"><img loading=\"lazy\" class=\"alignleft wp-image-5914 size-full\" src=\"http:\/\/www.drogariasguanabara.com.br\/site\/wp-content\/uploads\/2018\/02\/RADIO-GOSPEL_1.png\" alt=\"\" width=\"260\" height=\"72\" \/><\/a>[\/vc_column_text][\/vc_tta_section][\/vc_tta_tabs][\/vc_column][\/vc_row][vc_row][vc_column][vc_empty_space height=&#8221;64px&#8221;][\/vc_column][\/vc_row][vc_row][vc_column width=&#8221;1\/2&#8243;][vc_row_inner][vc_column_inner width=&#8221;1\/2&#8243;][vc_single_image image=&#8221;5223&#8243;][\/vc_column_inner][vc_column_inner width=&#8221;1\/2&#8243;][vc_column_text]\n<h4><span style=\"color: #ff0000;\">SEJA UM ASSOCIADO<\/span><\/h4>\n<p>Torne-se um associado e fa\u00e7a parte da rede que cresce com solidez e seguran\u00e7a.<\/p>\n<h5 style=\"text-align: right;\"><\/h5>\n<h5 style=\"text-align: right;\"><span style=\"color: #172983;\"><a href=\"http:\/\/www.drogariasguanabara.com.br\/site\/?page_id=4147\" target=\"_blank\" rel=\"noopener noreferrer\">Saiba mais&#8230;<\/a><\/span><\/h5>\n[\/vc_column_text][\/vc_column_inner][\/vc_row_inner][\/vc_column][vc_column width=&#8221;1\/2&#8243;][vc_row_inner][vc_column_inner width=&#8221;1\/2&#8243;][vc_single_image image=&#8221;5270&#8243;][\/vc_column_inner][vc_column_inner width=&#8221;1\/2&#8243;][vc_column_text]\n<h4><span style=\"color: #ff0000;\">BUL\u00c1RIO ANVISA<\/span><\/h4>\n<p>Tenha acesso r\u00e1pido e gratuito \u00e0s bases de dados das bulas de medicamentos e conte\u00fado de sa\u00fade.<\/p>\n<h5 style=\"text-align: right;\"><span style=\"color: #172983;\"><a href=\"http:\/\/www.anvisa.gov.br\/datavisa\/fila_bula\/index.asp\" target=\"_blank\" rel=\"noopener noreferrer\">Saiba mais&#8230;<\/a><\/span><\/h5>\n[\/vc_column_text][\/vc_column_inner][\/vc_row_inner][\/vc_column][\/vc_row][vc_row][vc_column][vc_empty_space height=&#8221;64px&#8221;][\/vc_column][\/vc_row][vc_row][vc_column width=&#8221;1\/2&#8243;][vc_row_inner][vc_column_inner width=&#8221;1\/2&#8243;][vc_single_image image=&#8221;6665&#8243;][\/vc_column_inner][vc_column_inner width=&#8221;1\/2&#8243;][vc_column_text]\n<h4><span style=\"color: #ff0000;\">FEBRE AMARELA!<\/span><\/h4>\n<p>Risco de morte pode ser identificado mais cedo por meio de quatro fatores, segundo pesquisa da USP.<\/p>\n<h5 style=\"text-align: right;\"><span style=\"color: #172983;\"><a href=\"http:\/\/www.drogariasguanabara.com.br\/?p=6514\" target=\"_blank\" rel=\"noopener noreferrer\">Saiba mais&#8230;<\/a><\/span><\/h5>\n[\/vc_column_text][\/vc_column_inner][\/vc_row_inner][\/vc_column][vc_column width=&#8221;1\/2&#8243;][vc_row_inner][vc_column_inner width=&#8221;1\/2&#8243;][vc_single_image image=&#8221;6674&#8243;][\/vc_column_inner][vc_column_inner width=&#8221;1\/2&#8243;][vc_column_text]\n<h4><span style=\"color: #ff0000;\">TENDINITE?<\/span><\/h4>\n<p>Saiba quais s\u00e3o as causas, os sinais e como tratar a doen\u00e7a, segundo o doutor Mois\u00e9s Cohen, presidente da SBOT.<\/p>\n<h5 style=\"text-align: right;\"><span style=\"color: #172983;\"><a href=\"http:\/\/www.drogariasguanabara.com.br\/?p=6489\" target=\"_blank\" rel=\"noopener noreferrer\">Saiba mais&#8230;<\/a><\/span><\/h5>\n[\/vc_column_text][\/vc_column_inner][\/vc_row_inner][\/vc_column][\/vc_row][vc_row][vc_column][vc_empty_space height=&#8221;64px&#8221;][\/vc_column][\/vc_row][vc_row][vc_column width=&#8221;1\/2&#8243;][vc_row_inner][vc_column_inner width=&#8221;1\/2&#8243;][vc_single_image image=&#8221;6687&#8243;][\/vc_column_inner][vc_column_inner width=&#8221;1\/2&#8243;][vc_column_text]\n<h4><span style=\"color: #ff0000;\">HEPATITES VIRAIS<\/span><\/h4>\n<p>Conhe\u00e7a as formas mais comuns de transmiss\u00e3o da doen\u00e7a e como deve ocorrer a preven\u00e7\u00e3o, segundo especialista.<\/p>\n<h5 style=\"text-align: right;\"><span style=\"color: #172983;\"><a href=\"http:\/\/www.drogariasguanabara.com.br\/?p=6507\" target=\"_blank\" rel=\"noopener noreferrer\">Saiba mais&#8230;<\/a><\/span><\/h5>\n[\/vc_column_text][\/vc_column_inner][\/vc_row_inner][\/vc_column][vc_column width=&#8221;1\/2&#8243;][vc_row_inner][vc_column_inner width=&#8221;1\/2&#8243;][vc_single_image image=&#8221;6696&#8243;][\/vc_column_inner][vc_column_inner width=&#8221;1\/2&#8243;][vc_column_text]\n<h4><span style=\"color: #ff0000;\">HIPERTENS\u00c3O<\/span><\/h4>\n<p>A cada 10 pessoas, nove n\u00e3o sentem nada! Conhe\u00e7a melhor a doen\u00e7a para evitar muitos problemas futuros.<\/p>\n<h5 style=\"text-align: right;\"><span style=\"color: #172983;\"><a href=\"http:\/\/www.drogariasguanabara.com.br\/?p=6467\" target=\"_blank\" rel=\"noopener noreferrer\">Saiba mais&#8230;<\/a><\/span><\/h5>\n[\/vc_column_text][\/vc_column_inner][\/vc_row_inner][\/vc_column][\/vc_row]\n","protected":false},"excerpt":{"rendered":"<p>[vc_row][vc_column][vc_empty_space][\/vc_column][\/vc_row][vc_row][vc_column width=&#8221;1\/2&#8243;][vc_row_inner][vc_column_inner width=&#8221;1\/2&#8243;][vc_single_image image=&#8221;5264&#8243;][\/vc_column_inner][vc_column_inner width=&#8221;1\/2&#8243;][vc_column_text] PRODUTOS GUANABARA\u00a0 Eles vieram para ficar. Pre\u00e7o, qualidade e confian\u00e7a fazem desta uma marca de sucesso. Saiba mais&#8230; [\/vc_column_text][\/vc_column_inner][\/vc_row_inner][\/vc_column][vc_column width=&#8221;1\/2&#8243;][vc_tta_tabs][vc_tta_section title=&#8221;POP&#8221; tab_id=&#8221;1522945215776-3c983e3b-553d&#8221;][vc_column_text][\/vc_column_text][\/vc_tta_section][vc_tta_section title=&#8221;Light&#8221; tab_id=&#8221;1522945215995-f8a2caa9-3cc7&#8243;][vc_column_text][\/vc_column_text][\/vc_tta_section][vc_tta_section title=&#8221;Gospel&#8221; tab_id=&#8221;1522946161123-7aff8496-8ac1&#8243;][vc_column_text][\/vc_column_text][\/vc_tta_section][\/vc_tta_tabs][\/vc_column][\/vc_row][vc_row][vc_column][vc_empty_space height=&#8221;64px&#8221;][\/vc_column][\/vc_row][vc_row][vc_column width=&#8221;1\/2&#8243;][vc_row_inner][vc_column_inner width=&#8221;1\/2&#8243;][vc_single_image image=&#8221;5223&#8243;][\/vc_column_inner][vc_column_inner width=&#8221;1\/2&#8243;][vc_column_text] SEJA UM ASSOCIADO Torne-se um associado e fa\u00e7a parte da rede que cresce com solidez e seguran\u00e7a. Saiba mais&#8230; [\/vc_column_text][\/vc_column_inner][\/vc_row_inner][\/vc_column][vc_column width=&#8221;1\/2&#8243;][vc_row_inner][vc_column_inner width=&#8221;1\/2&#8243;][vc_single_image image=&#8221;5270&#8243;][\/vc_column_inner][vc_column_inner width=&#8221;1\/2&#8243;][vc_column_text] BUL\u00c1RIO ANVISA Tenha acesso r\u00e1pido e gratuito \u00e0s bases de dados das bulas de medicamentos [&hellip;]<\/p>\n","protected":false},"author":1,"featured_media":0,"parent":0,"menu_order":1,"comment_status":"closed","ping_status":"closed","template":"","meta":{"spay_email":""},"_links":{"self":[{"href":"https:\/\/www.drogariasguanabara.com.br\/index.php?rest_route=\/wp\/v2\/pages\/3677"}],"collection":[{"href":"https:\/\/www.drogariasguanabara.com.br\/index.php?rest_route=\/wp\/v2\/pages"}],"about":[{"href":"https:\/\/www.drogariasguanabara.com.br\/index.php?rest_route=\/wp\/v2\/types\/page"}],"author":[{"embeddable":true,"href":"https:\/\/www.drogariasguanabara.com.br\/index.php?rest_route=\/wp\/v2\/users\/1"}],"replies":[{"embeddable":true,"href":"https:\/\/www.drogariasguanabara.com.br\/index.php?rest_route=%2Fwp%2Fv2%2Fcomments&post=3677"}],"version-history":[{"count":257,"href":"https:\/\/www.drogariasguanabara.com.br\/index.php?rest_route=\/wp\/v2\/pages\/3677\/revisions"}],"predecessor-version":[{"id":6697,"href":"https:\/\/www.drogariasguanabara.com.br\/index.php?rest_route=\/wp\/v2\/pages\/3677\/revisions\/6697"}],"wp:attachment":[{"href":"https:\/\/www.drogariasguanabara.com.br\/index.php?rest_route=%2Fwp%2Fv2%2Fmedia&parent=3677"}],"curies":[{"name":"wp","href":"https:\/\/api.w.org\/{rel}","templated":true}]}}