{"id":4117,"date":"2013-07-24T12:58:08","date_gmt":"2013-07-24T12:58:08","guid":{"rendered":"http:\/\/www.drogariasguanabara.com.br\/site\/?page_id=4117"},"modified":"2017-07-17T15:26:16","modified_gmt":"2017-07-17T15:26:16","slug":"historia","status":"publish","type":"page","link":"https:\/\/www.drogariasguanabara.com.br\/?page_id=4117","title":{"rendered":"Hist\u00f3ria"},"content":{"rendered":"<p style=\"text-align: justify;\">Tudo come\u00e7ou com a chegada de Jo\u00e3o Alvim \u00e0 cidade de Cabo Frio &#8211; litoral do Rio de Janeiro &#8211; em 21 de novembro de 1994. De origem humilde, Jo\u00e3o veio de Minas Gerais para o Rio decidido a mudar de vida. Come\u00e7ou a trabalhar como entregador, na farm\u00e1cia de um velho amigo.<\/p>\n<p style=\"text-align: justify;\">Oito meses ap\u00f3s sua estadia em Cabo Frio, o mineiro recebeu outra proposta de emprego. Dessa vez para trabalhar na capital do Rio de Janeiro. Alvim trabalhou como entregador, balconista e chegou a gerente comprador. Sempre focado no seu objetivo guardava todas as suas economias, at\u00e9 que um dia se viu com uma boa quantia em dinheiro. A partir desse momento ele resolveu dar o primeiro passo em dire\u00e7\u00e3o a um antigo sonho, mudar de vida.<\/p>\n<p style=\"text-align: justify;\">Prop\u00f4s ao dono da farm\u00e1cia uma sociedade. O patr\u00e3o que j\u00e1 o conhecia e sabia do empenho e da dedica\u00e7\u00e3o do funcion\u00e1rio aceitou a proposta. E em 1999, o jovem mineiro se mostrou um empreendedor e j\u00e1 era s\u00f3cio de uma farm\u00e1cia no bairro do Engenho novo.<\/p>\n<p style=\"text-align: justify;\">Sete meses ap\u00f3s a sociedade, os amigos desfizeram a parceria e Jo\u00e3o seguiu em frente sozinho. Em 2001 o microempres\u00e1rio resolveu investir na empresa e comprou sua a segunda loja. No mesmo ano casou-se com Patr\u00edcia Alvim, com quem hoje vive e tem\u00a0tr\u00eas filhos. Com ela o empres\u00e1rio uniu for\u00e7as para expandir o neg\u00f3cio, e no ano seguinte compraram mais 2 lojas e viram o com\u00e9rcio prosperar. Em 12 de junho de 2002, o mineiro lan\u00e7ou sua primeira rede de Drogarias. O objetivo era expandir a gest\u00e3o, garantir parcerias e realizar negocia\u00e7\u00f5es lucrativas. A ele se uniram outros donos de farm\u00e1cias que conheciam sua gest\u00e3o e credibilidade.<\/p>\n<p style=\"text-align: justify;\">Entusiasmado com o crescimento da empresa, o jovem empreendedor ficava atento as oportunidades do mercado carioca. Em 2009, Alvim decidiu criar uma nova Rede de Farm\u00e1cias, nasce ent\u00e3o a Rede de Drogarias Guanabara. Com o know-how da primeira rede e a administra\u00e7\u00e3o da marca e do grupo de licenciados feita pela Ofert\u00e3o Representa\u00e7\u00e3o, as Drogarias Guanabara cresce e se consolida, al\u00e9m de gerar novos empregos.<\/p>\n","protected":false},"excerpt":{"rendered":"<p>Tudo come\u00e7ou com a chegada de Jo\u00e3o Alvim \u00e0 cidade de Cabo Frio &#8211; litoral do Rio de Janeiro &#8211; em 21 de novembro de 1994. De origem humilde, Jo\u00e3o veio de Minas Gerais para o Rio decidido a mudar de vida. Come\u00e7ou a trabalhar como entregador, na farm\u00e1cia de um velho amigo. Oito meses ap\u00f3s sua estadia em Cabo Frio, o mineiro recebeu outra proposta de emprego. Dessa vez para trabalhar na capital do [&hellip;]<\/p>\n","protected":false},"author":1,"featured_media":0,"parent":0,"menu_order":2,"comment_status":"closed","ping_status":"closed","template":"","meta":{"spay_email":""},"_links":{"self":[{"href":"https:\/\/www.drogariasguanabara.com.br\/index.php?rest_route=\/wp\/v2\/pages\/4117"}],"collection":[{"href":"https:\/\/www.drogariasguanabara.com.br\/index.php?rest_route=\/wp\/v2\/pages"}],"about":[{"href":"https:\/\/www.drogariasguanabara.com.br\/index.php?rest_route=\/wp\/v2\/types\/page"}],"author":[{"embeddable":true,"href":"https:\/\/www.drogariasguanabara.com.br\/index.php?rest_route=\/wp\/v2\/users\/1"}],"replies":[{"embeddable":true,"href":"https:\/\/www.drogariasguanabara.com.br\/index.php?rest_route=%2Fwp%2Fv2%2Fcomments&post=4117"}],"version-history":[{"count":9,"href":"https:\/\/www.drogariasguanabara.com.br\/index.php?rest_route=\/wp\/v2\/pages\/4117\/revisions"}],"predecessor-version":[{"id":4862,"href":"https:\/\/www.drogariasguanabara.com.br\/index.php?rest_route=\/wp\/v2\/pages\/4117\/revisions\/4862"}],"wp:attachment":[{"href":"https:\/\/www.drogariasguanabara.com.br\/index.php?rest_route=%2Fwp%2Fv2%2Fmedia&parent=4117"}],"curies":[{"name":"wp","href":"https:\/\/api.w.org\/{rel}","templated":true}]}}