{"id":4144,"date":"2013-07-24T16:29:41","date_gmt":"2013-07-24T16:29:41","guid":{"rendered":"http:\/\/www.drogariasguanabara.com.br\/site\/?page_id=4144"},"modified":"2013-07-31T02:34:32","modified_gmt":"2013-07-31T02:34:32","slug":"missao-visao-e-valores","status":"publish","type":"page","link":"https:\/\/www.drogariasguanabara.com.br\/?page_id=4144","title":{"rendered":"Miss\u00e3o, Vis\u00e3o e Valores"},"content":{"rendered":"<h2>Nossa Miss\u00e3o<\/h2>\n<p>Atender as necessidades dos clientes prestando servi\u00e7os de qualidade, com variedade de produtos e pre\u00e7os justos. <\/p>\n<h2>Nossa Vis\u00e3o<\/h2>\n<p>Os investimentos no sociativismo, tecnologia e comunica\u00e7\u00e3o s\u00e3o ferramentas que ir\u00e3o nos proporcionar oportunidades de criar a\u00e7\u00f5es inovadoras, para continuar servindo a popula\u00e7\u00e3o com compet\u00eancia e seriedade.<\/p>\n<h2>Nossos Valores<\/h2>\n<p>As Drogarias Guanabara \u00e9 uma empresa familiar que valoriza a \u00e9tica, o respeito e o compromisso em todas as suas rela\u00e7\u00f5es.<\/p>\n","protected":false},"excerpt":{"rendered":"<p>Nossa Miss\u00e3o Atender as necessidades dos clientes prestando servi\u00e7os de qualidade, com variedade de produtos e pre\u00e7os justos. Nossa Vis\u00e3o Os investimentos no sociativismo, tecnologia e comunica\u00e7\u00e3o s\u00e3o ferramentas que ir\u00e3o nos proporcionar oportunidades de criar a\u00e7\u00f5es inovadoras, para continuar servindo a popula\u00e7\u00e3o com compet\u00eancia e seriedade. Nossos Valores As Drogarias Guanabara \u00e9 uma empresa familiar que valoriza a \u00e9tica, o respeito e o compromisso em todas as suas rela\u00e7\u00f5es.<\/p>\n","protected":false},"author":1,"featured_media":0,"parent":0,"menu_order":5,"comment_status":"closed","ping_status":"closed","template":"","meta":{"spay_email":""},"_links":{"self":[{"href":"https:\/\/www.drogariasguanabara.com.br\/index.php?rest_route=\/wp\/v2\/pages\/4144"}],"collection":[{"href":"https:\/\/www.drogariasguanabara.com.br\/index.php?rest_route=\/wp\/v2\/pages"}],"about":[{"href":"https:\/\/www.drogariasguanabara.com.br\/index.php?rest_route=\/wp\/v2\/types\/page"}],"author":[{"embeddable":true,"href":"https:\/\/www.drogariasguanabara.com.br\/index.php?rest_route=\/wp\/v2\/users\/1"}],"replies":[{"embeddable":true,"href":"https:\/\/www.drogariasguanabara.com.br\/index.php?rest_route=%2Fwp%2Fv2%2Fcomments&post=4144"}],"version-history":[{"count":4,"href":"https:\/\/www.drogariasguanabara.com.br\/index.php?rest_route=\/wp\/v2\/pages\/4144\/revisions"}],"predecessor-version":[{"id":4223,"href":"https:\/\/www.drogariasguanabara.com.br\/index.php?rest_route=\/wp\/v2\/pages\/4144\/revisions\/4223"}],"wp:attachment":[{"href":"https:\/\/www.drogariasguanabara.com.br\/index.php?rest_route=%2Fwp%2Fv2%2Fmedia&parent=4144"}],"curies":[{"name":"wp","href":"https:\/\/api.w.org\/{rel}","templated":true}]}}