{"id":4147,"date":"2013-07-24T16:41:29","date_gmt":"2013-07-24T16:41:29","guid":{"rendered":"http:\/\/www.drogariasguanabara.com.br\/site\/?page_id=4147"},"modified":"2017-07-24T20:19:40","modified_gmt":"2017-07-24T20:19:40","slug":"seja-um-associado","status":"publish","type":"page","link":"https:\/\/www.drogariasguanabara.com.br\/?page_id=4147","title":{"rendered":"Seja um Associado"},"content":{"rendered":"<a href=\"http:\/\/www.drogariasguanabara.com.br\/site\/wp-content\/uploads\/2013\/07\/Associado.jpg\"><img loading=\"lazy\" class=\"thumb sc-image alignleft wp-image-5223 size-full\" src=\"http:\/\/www.drogariasguanabara.com.br\/site\/wp-content\/uploads\/2013\/07\/Associado.jpg\" alt=\"\" width=\"596\" height=\"402\" srcset=\"https:\/\/www.drogariasguanabara.com.br\/site\/wp-content\/uploads\/2013\/07\/Associado.jpg 596w, https:\/\/www.drogariasguanabara.com.br\/site\/wp-content\/uploads\/2013\/07\/Associado-300x202.jpg 300w, https:\/\/www.drogariasguanabara.com.br\/site\/wp-content\/uploads\/2013\/07\/Associado-445x300.jpg 445w\" sizes=\"(max-width: 596px) 100vw, 596px\" \/><\/a>\n<p>&nbsp;<\/p>\n<p>&nbsp;<\/p>\n<p>&nbsp;<\/p>\n<p>&nbsp;<\/p>\n<p>&nbsp;<\/p>\n<p>&nbsp;<\/p>\n<p>&nbsp;<\/p>\n<p>&nbsp;<\/p>\n<p>&nbsp;<\/p>\n<p>&nbsp;<\/p>\n<p>&nbsp;<\/p>\n<p>&nbsp;<\/p>\n<p>&nbsp;<\/p>\n<p>&nbsp;<\/p>\n<p>&nbsp;<\/p>\n<p>&nbsp;<\/p>\n<p><b>E<\/b>m 2009 a\u00a0<strong>A Rede de Drogarias Guanabara <\/strong>foi lan\u00e7ada para oferecer mais op\u00e7\u00f5es aos novos e atuais associados. Com o mesmo know-how da Ofert\u00e3o representa\u00e7\u00f5es, a Rede Guanabara cresce e se destaca no ramo de farm\u00e1cias. A Administra\u00e7\u00e3o da marca e do grupo de associados \u00e9 realizada pela Ofert\u00e3o Representa\u00e7\u00f5es com sede instalada no bairro do maracan\u00e3. O pr\u00e9dio de 500m\u00b2 possui instala\u00e7\u00f5es confort\u00e1veis, audit\u00f3rio com capacidade para 100 pessoas e salas de reuni\u00e3o com projetores e sistema de alto-falante. Desde sua cria\u00e7\u00e3o as Drogarias Guanabara vem construindo a credibilidade de sua marca. Os Licenciados Guanabara adquirem respeito e visibilidade no mercado. O sucesso do nosso neg\u00f3cio \u00e9 resultado da \u00e9tica e da transpar\u00eancia com a qual tratamos nossos associados e parceiros. Nosso grupo\u00a0oferece o suporte necess\u00e1rio para voc\u00ea fortalecer seu neg\u00f3cio.<\/p>\n<div class=\"su-spacer\" style=\"height:20px\"><\/div>\n<a href=\"http:\/\/www.youblisher.com\/p\/620540-Folder-Ofertao\/\" class=\"sc-button alignleft dark\" style=\"background: url('https:\/\/www.drogariasguanabara.com.br\/site\/wp-content\/themes\/halfscreen\/') no-repeat scroll center center #71c3fa; width: 250px; height: 40;\"><span class=\"border\"><span class=\"wrap\"><span class=\"title\" style=\"color: #000000;\">Folder de Apresenta\u00e7\u00e3o<\/span><span class=\"description\">Vers\u00e3o Virtual<\/span><\/span><\/span><\/a>\n<a href=\"http:\/\/www.drogariasguanabara.com.br\/?page_id=4480\" class=\"sc-button alignright dark\" style=\"background: url('https:\/\/www.drogariasguanabara.com.br\/site\/wp-content\/themes\/halfscreen\/') no-repeat scroll center center #71c3fa; width: 250px; height: 40;\"><span class=\"border\"><span class=\"wrap\"><span class=\"title\" style=\"color: #000000;\">Seja um Associado!<\/span><span class=\"description\">Preencha o formul\u00e1rio<\/span><\/span><\/span><\/a>\n<div class=\"su-spacer\" style=\"height:10px\"><\/div>\n<h3>Perfil do Licenciado<\/h3>\n\n<ul class=\"sc-list style4\">\n<li>Esp\u00edrito Empreendedor e de lideran\u00e7a<\/li>\n<li>Capacidade de Investir<\/li>\n<li>Ter controle administrativo, financeiro e de compras<\/li>\n<li>Saber gerir pessoas<\/li>\n<li>Identifica\u00e7\u00e3o com a Marca<\/li>\n<li>Zelar pelo bom atendimento ao cliente, limpeza e apar\u00eancia da loja<\/li>\n<\/ul>\n\n<h3>Benef\u00edcios<\/h3>\n\n<ul class=\"sc-list style4\">\n<li>Condi\u00e7\u00e3o Comercial Competitiva (Distribuidores Parceiros)<\/li>\n<li>Palestras e Treinamentos<\/li>\n<li>Banners, Crach\u00e1s e Placas de pre\u00e7o<\/li>\n<li>Orienta\u00e7\u00f5es de Marketing<\/li>\n<li>Site para divulgar localiza\u00e7\u00e3o da Loja<\/li>\n<\/ul>\n\n<h3>Vantagens<\/h3>\n\n<ul class=\"sc-list style4\">\n<li>Verba Institucional<\/li>\n<li>Relacionamento pessoal com a dire\u00e7\u00e3o da empresa<\/li>\n<li>Parcerias fortes e rent\u00e1veis<\/li>\n<li>Credibilidade junto ao mercado<\/li>\n<li>M\u00eddia Cooperada<\/li>\n<\/ul>\n\n<h3>Exig\u00eancias da Guanabara<\/h3>\n\n<ul class=\"sc-list style4\">\n<li>Assinatura de contrato<\/li>\n<li>Mensalidade da Ofert\u00e3o paga em dia<\/li>\n<li>Uso do encarte e das revistas<\/li>\n<li>Cumprimento das parcerias<\/li>\n<li>Uso dos uniformes, crach\u00e1s e produtos da marca pr\u00f3pria.<\/li>\n<li>Participa\u00e7\u00e3o das reuni\u00f5es<\/li>\n<li>Lojas com layout dentro dos padr\u00f5es da rede<\/li>\n<li>Seguir o manual normativo<\/li>\n<\/ul>\n\n<h3>Motivos para fazer parte do nosso grupo:<\/h3>\n\n<ul class=\"sc-list style4\">\n<li>Capacita seus funcion\u00e1rios e licenciados com treinamento e palestras constantes.<\/li>\n<li>Portal de neg\u00f3cios criado em 2012 agiliza as OLs negociadas com as ind\u00fastrias.<\/li>\n<li>Torna os associados coparticipantes das negocia\u00e7\u00f5es log\u00edsticas;<\/li>\n<li>Diminui o custo comercial<\/li>\n<li>D\u00e1 margem para o aumento da Lucratividade<\/li>\n<li>Fortalece o grupo nas negocia\u00e7\u00f5es<\/li>\n<li>Distribui benef\u00edcios entre seus associados<\/li>\n<li>Orienta\u00e7\u00e3o de marketing e Merchandising com suporte de supervisores treinados<\/li>\n<li>Suporte e Orienta\u00e7\u00e3o a Layout, display, placas de pre\u00e7o, organiza\u00e7\u00e3o da loja, entre outros.<\/li>\n<li>Consultoria de neg\u00f3cios<\/li>\n<li>Oferece o kit de inaugura\u00e7\u00e3o com a op\u00e7\u00e3o de atra\u00e7\u00f5es, brindes, decora\u00e7\u00e3o, som, entre outros.<\/li>\n<li>Suporte de comunica\u00e7\u00e3o interna e externa<\/li>\n<li>M\u00eddia cooperada em r\u00e1dio, jornais e busdoor<\/li>\n<li>Projeto destaque do m\u00eas:<\/li>\n<li>Em um per\u00edodo de 3 meses avaliamos todas as filiais<\/li>\n<li>Escolhemos as campe\u00e3s do m\u00eas e do trimestre<\/li>\n<li>A loja recebe pr\u00eamios para distribuir entre seus funcion\u00e1rios<\/li>\n<li>Premia\u00e7\u00e3o com trof\u00e9u e a imagem divulgada na nossa Revista Plena e no site Guanabara<\/li>\n<li>Visibilidade com exposi\u00e7\u00e3o na Expofarma.<\/li>\n<li>Verba institucional a partir da meta alcan\u00e7ada<\/li>\n<\/ul>\n\n","protected":false},"excerpt":{"rendered":"<p>&nbsp; &nbsp; &nbsp; &nbsp; &nbsp; &nbsp; &nbsp; &nbsp; &nbsp; &nbsp; &nbsp; &nbsp; &nbsp; &nbsp; &nbsp; &nbsp; Em 2009 a\u00a0A Rede de Drogarias Guanabara foi lan\u00e7ada para oferecer mais op\u00e7\u00f5es aos novos e atuais associados. Com o mesmo know-how da Ofert\u00e3o representa\u00e7\u00f5es, a Rede Guanabara cresce e se destaca no ramo de farm\u00e1cias. A Administra\u00e7\u00e3o da marca e do grupo de associados \u00e9 realizada pela Ofert\u00e3o Representa\u00e7\u00f5es com sede instalada no bairro do maracan\u00e3. O pr\u00e9dio [&hellip;]<\/p>\n","protected":false},"author":1,"featured_media":0,"parent":0,"menu_order":11,"comment_status":"closed","ping_status":"closed","template":"","meta":{"spay_email":""},"_links":{"self":[{"href":"https:\/\/www.drogariasguanabara.com.br\/index.php?rest_route=\/wp\/v2\/pages\/4147"}],"collection":[{"href":"https:\/\/www.drogariasguanabara.com.br\/index.php?rest_route=\/wp\/v2\/pages"}],"about":[{"href":"https:\/\/www.drogariasguanabara.com.br\/index.php?rest_route=\/wp\/v2\/types\/page"}],"author":[{"embeddable":true,"href":"https:\/\/www.drogariasguanabara.com.br\/index.php?rest_route=\/wp\/v2\/users\/1"}],"replies":[{"embeddable":true,"href":"https:\/\/www.drogariasguanabara.com.br\/index.php?rest_route=%2Fwp%2Fv2%2Fcomments&post=4147"}],"version-history":[{"count":36,"href":"https:\/\/www.drogariasguanabara.com.br\/index.php?rest_route=\/wp\/v2\/pages\/4147\/revisions"}],"predecessor-version":[{"id":5230,"href":"https:\/\/www.drogariasguanabara.com.br\/index.php?rest_route=\/wp\/v2\/pages\/4147\/revisions\/5230"}],"wp:attachment":[{"href":"https:\/\/www.drogariasguanabara.com.br\/index.php?rest_route=%2Fwp%2Fv2%2Fmedia&parent=4147"}],"curies":[{"name":"wp","href":"https:\/\/api.w.org\/{rel}","templated":true}]}}