{"id":4480,"date":"2014-11-10T23:02:49","date_gmt":"2014-11-10T23:02:49","guid":{"rendered":"http:\/\/www.drogariasguanabara.com.br\/?page_id=4480"},"modified":"2014-11-10T23:02:49","modified_gmt":"2014-11-10T23:02:49","slug":"seja-um-associado-2","status":"publish","type":"page","link":"https:\/\/www.drogariasguanabara.com.br\/?page_id=4480","title":{"rendered":"Seja um Associado!"},"content":{"rendered":"<div class=\"frm_forms  with_frm_style frm_style_formidable-style\" id=\"frm_form_7_container\" >\n<form enctype=\"multipart\/form-data\" method=\"post\" class=\"frm-show-form  frm_pro_form \" id=\"form_98crl6\"  >\n<div class=\"frm_form_fields \">\n<fieldset>\n\r\n<div class=\"frm_fields_container\">\n<input type=\"hidden\" name=\"frm_action\" value=\"create\" \/>\n<input type=\"hidden\" name=\"form_id\" value=\"7\" \/>\n<input type=\"hidden\" name=\"frm_hide_fields_7\" id=\"frm_hide_fields_7\" value=\"\" \/>\n<input type=\"hidden\" name=\"form_key\" value=\"98crl6\" \/>\n<input type=\"hidden\" name=\"item_meta[0]\" value=\"\" \/>\n<input type=\"hidden\" id=\"frm_submit_entry_7\" name=\"frm_submit_entry_7\" value=\"9284dd48fd\" \/><input type=\"hidden\" name=\"_wp_http_referer\" value=\"\/index.php?rest_route=%2Fwp%2Fv2%2Fpages%2F4480\" \/><div id=\"frm_field_167_container\" class=\"frm_form_field form-field \">\r\n<h2 class=\"frm_pos_left frm_section_spacing\">Informa\u00e7\u00f5es do Propriet\u00e1rio<\/h2>\r\n\r\n\r\n<div id=\"frm_field_168_container\" class=\"frm_form_field form-field  frm_required_field frm_left_container\">\r\n    <label class=\"frm_primary_label\">Nome\r\n        <span class=\"frm_required\">*<\/span>\r\n    <\/label>\r\n    <input type=\"text\" id=\"field_it9hwc\" name=\"item_meta[168]\" value=\"\"  data-sectionid=\"167\" style=\"width:540px\" data-reqmsg=\"Por favor, este campo deve ser preenchido.\" aria-required=\"true\" data-invmsg=\"Nome is invalid\" class=\"auto_width\" aria-invalid=\"false\"  \/>\r\n    \r\n    \r\n<\/div>\n<div id=\"frm_field_169_container\" class=\"frm_form_field form-field  frm_required_field frm_left_container frm_left\">\r\n    <label class=\"frm_primary_label\">Email\r\n        <span class=\"frm_required\">*<\/span>\r\n    <\/label>\r\n    <input type=\"email\" id=\"field_50rua7\" name=\"item_meta[169]\" value=\"\"  data-sectionid=\"167\" style=\"width:450px\" data-reqmsg=\"Por favor, este campo deve ser preenchido.\" aria-required=\"true\" data-invmsg=\"Email inv\u00e1lido.\" class=\"auto_width\" aria-invalid=\"false\"  \/>\r\n    \r\n    \r\n<\/div>\n<div id=\"frm_field_170_container\" class=\"frm_form_field form-field  frm_required_field frm_left_container frm_left_half\">\r\n    <label class=\"frm_primary_label\">Telefone\r\n        <span class=\"frm_required\">*<\/span>\r\n    <\/label>\r\n    <input type=\"tel\" id=\"field_j4ndjw\" name=\"item_meta[170]\" value=\"\"  data-sectionid=\"167\" style=\"width:135px\" maxlength=\"12\" data-reqmsg=\"Por favor, este campo deve ser preenchido.\" aria-required=\"true\" data-invmsg=\"Por favor, preencha como no exemplo.\" class=\"auto_width\" aria-invalid=\"false\" pattern=\"((\\+\\d{1,3}(-|.| )?\\(?\\d\\)?(-| |.)?\\d{1,5})|(\\(?\\d{2,6}\\)?))(-|.| )?(\\d{3,4})(-|.| )?(\\d{4})(( x| ext)\\d{1,5}){0,1}$\"  \/>\r\n    \r\n    \r\n<\/div>\n<div id=\"frm_field_171_container\" class=\"frm_form_field form-field  frm_left_container frm_right_half vertical_radio\">\r\n    <label class=\"frm_primary_label\">Estado Civil\r\n        <span class=\"frm_required\"><\/span>\r\n    <\/label>\r\n    \t\t<div class=\"frm_radio\" id=\"frm_radio_171-167-0\"><label for=\"field_p0lir3-0\">\t\t<input type=\"radio\" name=\"item_meta[171]\" id=\"field_p0lir3-0\" value=\"Solteiro\"\n\t\t   data-sectionid=\"167\" data-invmsg=\"Estado Civil is invalid\" aria-invalid=\"false\"  \/> Solteiro<\/label><\/div>\n\t\t<div class=\"frm_radio\" id=\"frm_radio_171-167-1\"><label for=\"field_p0lir3-1\">\t\t<input type=\"radio\" name=\"item_meta[171]\" id=\"field_p0lir3-1\" value=\"Casado\"\n\t\t   data-sectionid=\"167\" data-invmsg=\"Estado Civil is invalid\" aria-invalid=\"false\"  \/> Casado<\/label><\/div>\n\r\n    \r\n    \r\n<\/div>\n<div id=\"\" class=\"frm_form_field form-field  frm_left_container\">\r\n    <label class=\"frm_primary_label\">Data de Nascimento\r\n        <span class=\"frm_required\"><\/span>\r\n    <\/label>\r\n    <input type=\"text\" id=\"field_ebv8ap\" name=\"item_meta[172]\" value=\"\"  data-sectionid=\"167\" style=\"width:90px\" maxlength=\"10\" data-invmsg=\"Data de Nascimento is invalid\" class=\"frm_date auto_width\" aria-invalid=\"false\"  \/>\r\n    \r\n    \r\n<\/div>\n<\/div>\n<div id=\"frm_field_173_container\" class=\"frm_form_field form-field \">\r\n<h2 class=\"frm_pos_top frm_section_spacing\">Informa\u00e7\u00f5es da Loja<\/h2>\r\n\r\n\r\n<div id=\"frm_field_174_container\" class=\"frm_form_field form-field  frm_left_container frm_left\">\r\n    <label class=\"frm_primary_label\">Raz\u00e3o Social\r\n        <span class=\"frm_required\"><\/span>\r\n    <\/label>\r\n    <input type=\"text\" id=\"field_k8y4tv\" name=\"item_meta[174]\" value=\"\"  data-sectionid=\"173\" style=\"width:360px\" data-invmsg=\"Raz\u00e3o Social is invalid\" class=\"auto_width\" aria-invalid=\"false\"  \/>\r\n    \r\n    \r\n<\/div>\n<div id=\"frm_field_175_container\" class=\"frm_form_field form-field  frm_left_container frm_left\">\r\n    <label class=\"frm_primary_label\">Endere\u00e7o\r\n        <span class=\"frm_required\"><\/span>\r\n    <\/label>\r\n    <input type=\"text\" id=\"field_coy7tw\" name=\"item_meta[175]\" value=\"\"  data-sectionid=\"173\" style=\"width:360px\" data-invmsg=\"Endere\u00e7o is invalid\" class=\"auto_width\" aria-invalid=\"false\"  \/>\r\n    \r\n    \r\n<\/div>\n<div id=\"frm_field_176_container\" class=\"frm_form_field form-field  frm_left_container frm_left\">\r\n    <label class=\"frm_primary_label\">Bairro\r\n        <span class=\"frm_required\"><\/span>\r\n    <\/label>\r\n    <input type=\"text\" id=\"field_9zruep\" name=\"item_meta[176]\" value=\"\"  data-sectionid=\"173\" style=\"width:360px\" data-invmsg=\"Bairro is invalid\" class=\"auto_width\" aria-invalid=\"false\"  \/>\r\n    \r\n    \r\n<\/div>\n<div id=\"frm_field_177_container\" class=\"frm_form_field form-field  frm_left_container frm_left\">\r\n    <label class=\"frm_primary_label\">Cidade\r\n        <span class=\"frm_required\"><\/span>\r\n    <\/label>\r\n    <input type=\"text\" id=\"field_k7f90s\" name=\"item_meta[177]\" value=\"\"  data-sectionid=\"173\" style=\"width:360px\" data-invmsg=\"Cidade is invalid\" class=\"auto_width\" aria-invalid=\"false\"  \/>\r\n    \r\n    \r\n<\/div>\n<div id=\"frm_field_178_container\" class=\"frm_form_field form-field  frm_left_container frm_left\">\r\n    <label class=\"frm_primary_label\">CNPJ\r\n        <span class=\"frm_required\"><\/span>\r\n    <\/label>\r\n    <input type=\"text\" id=\"field_fk2k9q\" name=\"item_meta[178]\" value=\"\"  data-sectionid=\"173\" style=\"width:180px\" maxlength=\"20\" data-invmsg=\"CNPJ is invalid\" class=\"auto_width\" aria-invalid=\"false\"  \/>\r\n    \r\n    \r\n<\/div>\n<div id=\"frm_field_179_container\" class=\"frm_form_field form-field  frm_left_container frm_left\">\r\n    <label class=\"frm_primary_label\">Faturamento M\u00e9dio Mensal\r\n        <span class=\"frm_required\"><\/span>\r\n    <\/label>\r\n    <input type=\"text\" id=\"field_o9kmew\" name=\"item_meta[179]\" value=\"\"  data-sectionid=\"173\" style=\"width:135px\" maxlength=\"15\" data-invmsg=\"Faturamento M\u00e9dio Mensal is invalid\" class=\"auto_width\" aria-invalid=\"false\"  \/>\r\n    \r\n    \r\n<\/div>\n<div id=\"frm_field_180_container\" class=\"frm_form_field form-field  frm_left_container frm_left_half vertical_radio\">\r\n    <label class=\"frm_primary_label\">Possui outras lojas?\r\n        <span class=\"frm_required\"><\/span>\r\n    <\/label>\r\n    \t\t<div class=\"frm_radio\" id=\"frm_radio_180-173-0\"><label for=\"field_ldyxi3-0\">\t\t<input type=\"radio\" name=\"item_meta[180]\" id=\"field_ldyxi3-0\" value=\"Sim\"\n\t\t   data-sectionid=\"173\" data-invmsg=\"Possui outras lojas? is invalid\" aria-invalid=\"false\"  \/> Sim<\/label><\/div>\n\t\t<div class=\"frm_radio\" id=\"frm_radio_180-173-1\"><label for=\"field_ldyxi3-1\">\t\t<input type=\"radio\" name=\"item_meta[180]\" id=\"field_ldyxi3-1\" value=\"N\u00e3o\"\n\t\t   data-sectionid=\"173\" data-invmsg=\"Possui outras lojas? is invalid\" aria-invalid=\"false\"  \/> N\u00e3o<\/label><\/div>\n\r\n    \r\n    \r\n<\/div>\n<div id=\"frm_field_181_container\" class=\"frm_form_field form-field  frm_left_container frm_right_half\">\r\n    <label class=\"frm_primary_label\">Quantas?\r\n        <span class=\"frm_required\"><\/span>\r\n    <\/label>\r\n    <input type=\"number\" id=\"field_460bl7\" name=\"item_meta[181]\" value=\"\"  data-sectionid=\"173\" style=\"width:27px\" maxlength=\"3\" data-invmsg=\"Por favor, somente n\u00fameros.\" class=\"auto_width\" aria-invalid=\"false\"   min=\"0\" max=\"9999\" step=\"1\"\/>\r\n    \r\n    \r\n<\/div>\n<div id=\"frm_field_182_container\" class=\"frm_form_field form-field  frm_left_container frm_left\">\r\n    <label class=\"frm_primary_label\">Bandeira da Loja\r\n        <span class=\"frm_required\"><\/span>\r\n    <\/label>\r\n    <input type=\"text\" id=\"field_l0qmnq\" name=\"item_meta[182]\" value=\"\"  data-sectionid=\"173\" style=\"width:360px\" data-invmsg=\"Bandeira da Loja is invalid\" class=\"auto_width\" aria-invalid=\"false\"  \/>\r\n    \r\n    \r\n<\/div>\n<div id=\"frm_field_183_container\" class=\"frm_form_field form-field  frm_left_container frm_left\">\r\n    <label class=\"frm_primary_label\">Email da Loja\r\n        <span class=\"frm_required\"><\/span>\r\n    <\/label>\r\n    <input type=\"email\" id=\"field_y4uzyx\" name=\"item_meta[183]\" value=\"\"  data-sectionid=\"173\" style=\"width:450px\" data-invmsg=\"Preencha com um email v\u00e1lido.\" class=\"auto_width\" aria-invalid=\"false\"  \/>\r\n    \r\n    \r\n<\/div>\n<div id=\"frm_field_184_container\" class=\"frm_form_field form-field  frm_left_container frm_left\">\r\n    <label class=\"frm_primary_label\">Observa\u00e7\u00f5es\r\n        <span class=\"frm_required\"><\/span>\r\n    <\/label>\r\n    <textarea name=\"item_meta[184]\" id=\"field_5nbwu7\" rows=\"3\"  data-sectionid=\"173\" style=\"width:540px\" cols=\"60\" data-invmsg=\"Observa\u00e7\u00f5es is invalid\" class=\"auto_width\" aria-invalid=\"false\"  ><\/textarea>\r\n    \r\n    \r\n<\/div>\n<div id=\"frm_field_185_container\" class=\"frm_form_field form-field  frm_left_container frm_left\">\r\n    <label class=\"frm_primary_label\">Sem t\u00edtulo\r\n        <span class=\"frm_required\"><\/span>\r\n    <\/label>\r\n    <div id=\"field_v9tcvi\" class=\"frm-g-recaptcha\" data-sitekey=\"6LelugcTAAAAABVoZghAPoaBB3Jd_Iu0zblyoyL8\" data-size=\"normal\" data-theme=\"light\"><\/div>\r\n    \r\n    \r\n<\/div>\n<\/div>\n\t<input type=\"hidden\" name=\"item_key\" value=\"\" \/>\n\t<input name=\"frm_state\" type=\"hidden\" value=\"hJul0dtD5MlUozJ+4\/4tMGXGbOKm6y+eWcM8G5lGLc8=\" \/><div class=\"frm_submit\">\r\n\r\n<input type=\"submit\" value=\"Enviar Cadastro\"  class=\"frm_final_submit\" formnovalidate=\"formnovalidate\" \/>\r\n<img class=\"frm_ajax_loading\" src=\"https:\/\/www.drogariasguanabara.com.br\/site\/wp-content\/plugins\/formidable\/images\/ajax_loader.gif\" alt=\"Enviando\" style=\"visibility:hidden;\" \/>\r\n\r\n<\/div><\/div>\n<\/fieldset>\n<\/div>\n<\/form>\n<\/div>\n\n","protected":false},"excerpt":{"rendered":"Informa\u00e7\u00f5es do Propriet\u00e1rio Nome * Email * Telefone * Estado Civil Solteiro Casado Data de Nascimento Informa\u00e7\u00f5es da Loja Raz\u00e3o Social Endere\u00e7o Bairro Cidade CNPJ Faturamento M\u00e9dio Mensal Possui outras lojas? Sim N\u00e3o Quantas? Bandeira da Loja Email da Loja Observa\u00e7\u00f5es Sem t\u00edtulo","protected":false},"author":1,"featured_media":0,"parent":0,"menu_order":12,"comment_status":"open","ping_status":"open","template":"","meta":{"spay_email":""},"_links":{"self":[{"href":"https:\/\/www.drogariasguanabara.com.br\/index.php?rest_route=\/wp\/v2\/pages\/4480"}],"collection":[{"href":"https:\/\/www.drogariasguanabara.com.br\/index.php?rest_route=\/wp\/v2\/pages"}],"about":[{"href":"https:\/\/www.drogariasguanabara.com.br\/index.php?rest_route=\/wp\/v2\/types\/page"}],"author":[{"embeddable":true,"href":"https:\/\/www.drogariasguanabara.com.br\/index.php?rest_route=\/wp\/v2\/users\/1"}],"replies":[{"embeddable":true,"href":"https:\/\/www.drogariasguanabara.com.br\/index.php?rest_route=%2Fwp%2Fv2%2Fcomments&post=4480"}],"version-history":[{"count":1,"href":"https:\/\/www.drogariasguanabara.com.br\/index.php?rest_route=\/wp\/v2\/pages\/4480\/revisions"}],"predecessor-version":[{"id":4482,"href":"https:\/\/www.drogariasguanabara.com.br\/index.php?rest_route=\/wp\/v2\/pages\/4480\/revisions\/4482"}],"wp:attachment":[{"href":"https:\/\/www.drogariasguanabara.com.br\/index.php?rest_route=%2Fwp%2Fv2%2Fmedia&parent=4480"}],"curies":[{"name":"wp","href":"https:\/\/api.w.org\/{rel}","templated":true}]}}