{"id":4573,"date":"2015-07-15T15:04:08","date_gmt":"2015-07-15T15:04:08","guid":{"rendered":"http:\/\/www.drogariasguanabara.com.br\/?page_id=4573"},"modified":"2015-07-15T15:37:55","modified_gmt":"2015-07-15T15:37:55","slug":"farmacia-popular-lojas","status":"publish","type":"page","link":"https:\/\/www.drogariasguanabara.com.br\/?page_id=4573","title":{"rendered":"Farm\u00e1cia Popular &#8211; Lojas"},"content":{"rendered":"<div class=\"ait-portfolio desc-down pf-col3\"><div class=\"pf-page\"><div class=\"item clearfix\"><div class=\"image\" style=\"width: 184px;\"><a data-rel=\"group-farmacia-popular\" class=\"zoom image-type\" href=\"http:\/\/www.drogariasguanabara.com.br\/site\/wp-content\/uploads\/2013\/12\/loja_gua_bel-roxo_manoel-sa.jpg\" style=\"line-height:150px; width:180px; height:150px;\"><img width=\"180\" height=\"150\" src=\"https:\/\/www.drogariasguanabara.com.br\/site\/wp-content\/themes\/halfscreen\/AIT\/Framework\/Libs\/timthumb\/timthumb.php?src=https:\/\/www.drogariasguanabara.com.br\/site\/wp-content\/uploads\/2013\/12\/loja_gua_bel-roxo_manoel-sa.jpg&amp;w=180&amp;h=150\" alt=\"\" \/><\/a><script class=\"image-description\" type=\"text\/template\"><\/script><h3 >Belford Roxo<\/h3><div class=\"portfolio-item-description\" >Estrada Manoel de S\u00e1 \u2013 13 LJ B - Parque Martinho\n<h5 style=\"color:#F00\">Tel.: 2781 \u2013 3176 \/ (21) 97600-3953 (WhatsApp)<\/h5><\/div><\/div><\/div><\/div><div class=\"pf-page\"><div class=\"item clearfix\"><div class=\"image\" style=\"width: 184px;\"><a data-rel=\"group-farmacia-popular\" class=\"zoom image-type\" href=\"http:\/\/www.drogariasguanabara.com.br\/site\/wp-content\/uploads\/2018\/05\/Guanabara_Duque-de-Caxias-1024x768.jpg\" style=\"line-height:150px; width:180px; height:150px;\"><img width=\"180\" height=\"150\" src=\"https:\/\/www.drogariasguanabara.com.br\/site\/wp-content\/themes\/halfscreen\/AIT\/Framework\/Libs\/timthumb\/timthumb.php?src=https:\/\/www.drogariasguanabara.com.br\/site\/wp-content\/uploads\/2015\/02\/Guanabara_Duque-de-Caxias-1024x768.jpg&amp;w=180&amp;h=150\" alt=\"\" \/><\/a><script class=\"image-description\" type=\"text\/template\"><\/script><h3 >Duque de Caxias - V. do Ros\u00e1rio<\/h3><div class=\"portfolio-item-description\" >Av. General Carlos Marciano de Medeiros, 615\n<h5 style=\"color:#F00\">Tel.: 2759-4408 \/ 96691-0661 (WhatsApp)<\/h5><\/div><\/div><\/div><\/div><div class=\"pf-page\"><div class=\"item clearfix\"><div class=\"image\" style=\"width: 184px;\"><a data-rel=\"group-farmacia-popular\" class=\"zoom image-type\" href=\"http:\/\/www.drogariasguanabara.com.br\/site\/wp-content\/uploads\/2011\/12\/Linda-da-Pra\u00e7a.jpg\" style=\"line-height:150px; width:180px; height:150px;\"><img width=\"180\" height=\"150\" src=\"https:\/\/www.drogariasguanabara.com.br\/site\/wp-content\/themes\/halfscreen\/AIT\/Framework\/Libs\/timthumb\/timthumb.php?src=https:\/\/www.drogariasguanabara.com.br\/site\/wp-content\/uploads\/2011\/12\/Linda-da-Pra\u00e7a-1024x767.jpg&amp;w=180&amp;h=150\" alt=\"\" \/><\/a><script class=\"image-description\" type=\"text\/template\"><\/script><h3 >Graja\u00fa<\/h3><div class=\"portfolio-item-description\" >Pra\u00e7a Edmundo Rego, 6 Loja A\n<h5 style=\"color:#F00\">Tel.: 2577-9000 \/ 98534-4494 (WhatsApp)<\/h5><\/div><\/div><\/div><\/div><div class=\"pf-clear\"><\/div><div class=\"pf-page\"><div class=\"item clearfix\"><div class=\"image\" style=\"width: 184px;\"><a data-rel=\"group-farmacia-popular\" class=\"zoom image-type\" href=\"http:\/\/www.drogariasguanabara.com.br\/site\/wp-content\/uploads\/2011\/12\/Farma-Jr..jpg\" style=\"line-height:150px; width:180px; height:150px;\"><img width=\"180\" height=\"150\" src=\"https:\/\/www.drogariasguanabara.com.br\/site\/wp-content\/themes\/halfscreen\/AIT\/Framework\/Libs\/timthumb\/timthumb.php?src=https:\/\/www.drogariasguanabara.com.br\/site\/wp-content\/uploads\/2011\/12\/Farma-Jr.-1024x576.jpg&amp;w=180&amp;h=150\" alt=\"\" \/><\/a><script class=\"image-description\" type=\"text\/template\"><\/script><h3 >Iraj\u00e1<\/h3><div class=\"portfolio-item-description\" >Av. Monsenhor F\u00e9lix, 865 Loja A \n<h5 style=\"color:#F00\">Tel.: 2471-0777 \/ 98485-5825 (WhatsApp)<\/h5><\/div><\/div><\/div><\/div><div class=\"pf-page\"><div class=\"item clearfix\"><div class=\"image\" style=\"width: 184px;\"><a data-rel=\"group-farmacia-popular\" class=\"zoom image-type\" href=\"http:\/\/www.drogariasguanabara.com.br\/site\/wp-content\/uploads\/2013\/12\/loja_gua_pr-rosario_niguacu.jpg\" style=\"line-height:150px; width:180px; height:150px;\"><img width=\"180\" height=\"150\" src=\"https:\/\/www.drogariasguanabara.com.br\/site\/wp-content\/themes\/halfscreen\/AIT\/Framework\/Libs\/timthumb\/timthumb.php?src=https:\/\/www.drogariasguanabara.com.br\/site\/wp-content\/uploads\/2013\/12\/loja_gua_pr-rosario_niguacu.jpg&amp;w=180&amp;h=150\" alt=\"\" \/><\/a><script class=\"image-description\" type=\"text\/template\"><\/script><h3 >Nova Igua\u00e7u - Pq. Ros\u00e1rio<\/h3><div class=\"portfolio-item-description\" >Estrada Dr. Pl\u00ednio Casado \u2013 2561 \u2013 Qd \u2013 9\n<h5 style=\"color:#F00\">Tel.: 2762-1864 \/ 96529-4411 (WhatsApp)<\/h5><\/div><\/div><\/div><\/div><\/div><!-- end of .ait-portfolio -->\n","protected":false},"excerpt":{"rendered":"Belford RoxoEstrada Manoel de S\u00e1 \u2013 13 LJ B - Parque Martinho Tel.: 2781 \u2013 3176 \/ (21) 97600-3953 (WhatsApp)Duque de Caxias - V. do Ros\u00e1rioAv. General Carlos Marciano de Medeiros, 615 Tel.: 2759-4408 \/ 96691-0661 (WhatsApp)Graja\u00faPra\u00e7a Edmundo Rego, 6 Loja A Tel.: 2577-9000 \/ 98534-4494 (WhatsApp)Iraj\u00e1Av. Monsenhor F\u00e9lix, 865 Loja A Tel.: 2471-0777 \/ 98485-5825 (WhatsApp)Nova Igua\u00e7u - Pq. Ros\u00e1rioEstrada Dr. Pl\u00ednio Casado \u2013 2561 \u2013 Qd \u2013 9 Tel.: 2762-1864 \/ 96529-4411 (WhatsApp)","protected":false},"author":1,"featured_media":0,"parent":0,"menu_order":7,"comment_status":"open","ping_status":"closed","template":"","meta":{"spay_email":""},"_links":{"self":[{"href":"https:\/\/www.drogariasguanabara.com.br\/index.php?rest_route=\/wp\/v2\/pages\/4573"}],"collection":[{"href":"https:\/\/www.drogariasguanabara.com.br\/index.php?rest_route=\/wp\/v2\/pages"}],"about":[{"href":"https:\/\/www.drogariasguanabara.com.br\/index.php?rest_route=\/wp\/v2\/types\/page"}],"author":[{"embeddable":true,"href":"https:\/\/www.drogariasguanabara.com.br\/index.php?rest_route=\/wp\/v2\/users\/1"}],"replies":[{"embeddable":true,"href":"https:\/\/www.drogariasguanabara.com.br\/index.php?rest_route=%2Fwp%2Fv2%2Fcomments&post=4573"}],"version-history":[{"count":1,"href":"https:\/\/www.drogariasguanabara.com.br\/index.php?rest_route=\/wp\/v2\/pages\/4573\/revisions"}],"predecessor-version":[{"id":4574,"href":"https:\/\/www.drogariasguanabara.com.br\/index.php?rest_route=\/wp\/v2\/pages\/4573\/revisions\/4574"}],"wp:attachment":[{"href":"https:\/\/www.drogariasguanabara.com.br\/index.php?rest_route=%2Fwp%2Fv2%2Fmedia&parent=4573"}],"curies":[{"name":"wp","href":"https:\/\/api.w.org\/{rel}","templated":true}]}}