{"id":4857,"date":"2017-07-14T20:06:07","date_gmt":"2017-07-14T20:06:07","guid":{"rendered":"http:\/\/www.drogariasguanabara.com.br\/?page_id=4857"},"modified":"2019-08-08T20:52:54","modified_gmt":"2019-08-08T20:52:54","slug":"blog","status":"publish","type":"page","link":"https:\/\/www.drogariasguanabara.com.br\/?page_id=4857","title":{"rendered":"Blog"},"content":{"rendered":"[vc_row][vc_column][vc_text_separator title=&#8221;RECEITAS&#8221;][\/vc_column][\/vc_row][vc_row][vc_column width=&#8221;1\/4&#8243;][vc_custom_heading text=&#8221;Reaproveitando Alimentos&#8221; font_container=&#8221;tag:h2|font_size:10|text_align:center&#8221;][vc_single_image image=&#8221;6715&#8243; alignment=&#8221;center&#8221;][\/vc_column][vc_column width=&#8221;3\/4&#8243;][vc_column_text]Reaproveitar alimentos \u00e9 uma das melhores formas de conseguir poupar dinheiro&#8230;<a href=\"http:\/\/www.drogariasguanabara.com.br\/?p=6457\" target=\"_blank\" rel=\"noopener noreferrer\">Leia mais<\/a>[\/vc_column_text][vc_facebook][vc_tweetmeme type=&#8221;follow&#8221; follow_user=&#8221;Drogariaguanaba&#8221; follow_show_username=&#8221;&#8221; show_followers_count=&#8221;true&#8221; large_button=&#8221;true&#8221; lang=&#8221;pt&#8221;][\/vc_column][\/vc_row][vc_row][vc_column width=&#8221;1\/4&#8243;][vc_custom_heading text=&#8221;Brownie de Beterraba&#8221; font_container=&#8221;tag:h2|font_size:10|text_align:center&#8221;][vc_single_image image=&#8221;6717&#8243; alignment=&#8221;center&#8221;][\/vc_column][vc_column width=&#8221;3\/4&#8243;][vc_column_text]Essa receita de brownie sem gl\u00faten oferece uma op\u00e7\u00e3o de como aproveitar um alimento&#8230; <a href=\"http:\/\/www.drogariasguanabara.com.br\/?p=6446\" target=\"_blank\" rel=\"noopener noreferrer\">Leia mais<\/a>[\/vc_column_text][vc_facebook][vc_tweetmeme type=&#8221;follow&#8221; follow_user=&#8221;Drogariaguanaba&#8221; follow_show_username=&#8221;&#8221; show_followers_count=&#8221;true&#8221; large_button=&#8221;true&#8221; lang=&#8221;pt&#8221;][\/vc_column][\/vc_row][vc_row][vc_column width=&#8221;1\/4&#8243;][vc_custom_heading text=&#8221;Crepioca de frango cremoso&#8221; font_container=&#8221;tag:h2|font_size:10|text_align:center&#8221;][vc_single_image image=&#8221;6722&#8243; alignment=&#8221;center&#8221;][\/vc_column][vc_column width=&#8221;3\/4&#8243;][vc_column_text]Conhe\u00e7a esta forma criativa e saud\u00e1vel de saborear a crepioca de frango cremoso&#8230; <a href=\"http:\/\/www.drogariasguanabara.com.br\/?p=6466\" target=\"_blank\" rel=\"noopener noreferrer\">Leia mais<\/a>[\/vc_column_text][vc_facebook][vc_tweetmeme type=&#8221;follow&#8221; follow_user=&#8221;Drogariaguanaba&#8221; follow_show_username=&#8221;&#8221; show_followers_count=&#8221;true&#8221; large_button=&#8221;true&#8221; lang=&#8221;pt&#8221;][\/vc_column][\/vc_row][vc_row][vc_column width=&#8221;1\/4&#8243;][vc_custom_heading text=&#8221; Dadinho de tapioca assado&#8221; font_container=&#8221;tag:h2|font_size:10|text_align:center&#8221;][vc_single_image image=&#8221;6727&#8243; alignment=&#8221;center&#8221;][\/vc_column][vc_column width=&#8221;3\/4&#8243;][vc_column_text]Essa receita de Dadinho de Tapioca \u00e9 f\u00e1cil, deliciosa e extremamente vers\u00e1til&#8230; <a href=\"http:\/\/www.drogariasguanabara.com.br\/?p=6729\" target=\"_blank\" rel=\"noopener noreferrer\">Leia mais<\/a>[\/vc_column_text][vc_facebook][vc_tweetmeme type=&#8221;follow&#8221; follow_user=&#8221;Drogariaguanaba&#8221; follow_show_username=&#8221;&#8221; show_followers_count=&#8221;true&#8221; large_button=&#8221;true&#8221; lang=&#8221;pt&#8221;][\/vc_column][\/vc_row][vc_row][vc_column][vc_empty_space][vc_text_separator title=&#8221;BEM ESTAR&#8221;][\/vc_column][\/vc_row][vc_row][vc_column width=&#8221;1\/4&#8243;][vc_custom_heading text=&#8221;H\u00e1bitos para abandonar antes do sono&#8221; font_container=&#8221;tag:h2|font_size:10|text_align:center&#8221;][vc_single_image image=&#8221;6782&#8243; alignment=&#8221;center&#8221;][\/vc_column][vc_column width=&#8221;3\/4&#8243;][vc_column_text]Toda noite, o cen\u00e1rio \u00e9 o mesmo: voc\u00ea troca de posi\u00e7\u00e3o na cama, olha o celular, mas o sono n\u00e3o vem. Todos n\u00f3s j\u00e1 vivenciamos epis\u00f3dios isolados como este, de dificuldade para dormir. O problema \u00e9 quando as noites insones se tornam uma frequente, prejudicando diferentes aspectos da rotina, passando por indisposi\u00e7\u00e3o at\u00e9 transtornos psicol\u00f3gicos&#8230; <a href=\"http:\/\/www.drogariasguanabara.com.br\/?p=6341\" target=\"_blank\" rel=\"noopener noreferrer\">Leia mais<\/a>[\/vc_column_text][vc_facebook][vc_tweetmeme type=&#8221;follow&#8221; follow_user=&#8221;Drogariaguanaba&#8221; follow_show_username=&#8221;&#8221; show_followers_count=&#8221;true&#8221; large_button=&#8221;true&#8221; lang=&#8221;pt&#8221;][\/vc_column][\/vc_row][vc_row][vc_column width=&#8221;1\/4&#8243;][vc_custom_heading text=&#8221;Combatendo o Estresse&#8221; font_container=&#8221;tag:h2|font_size:10|text_align:center&#8221;][vc_single_image image=&#8221;6786&#8243; alignment=&#8221;center&#8221;][\/vc_column][vc_column width=&#8221;3\/4&#8243;][vc_column_text]Apesar de ser uma rea\u00e7\u00e3o natural do organismo, que nos prepara para momentos de perigo ou alerta, o estresse nem sempre \u00e9 ben\u00e9fico. Quando ele come\u00e7a a afetar aspectos importantes do dia a dia, \u00e9 preciso investigar o que est\u00e1 desencadeando essa rea\u00e7\u00e3o e encontrar formas, ainda que naturais, de combat\u00ea-la&#8230; <a href=\"http:\/\/www.drogariasguanabara.com.br\/?p=6477\" target=\"_blank\" rel=\"noopener noreferrer\">Leia mais<\/a>[\/vc_column_text][vc_facebook][vc_tweetmeme type=&#8221;follow&#8221; follow_user=&#8221;Drogariaguanaba&#8221; follow_show_username=&#8221;&#8221; show_followers_count=&#8221;true&#8221; large_button=&#8221;true&#8221; lang=&#8221;pt&#8221;][\/vc_column][\/vc_row][vc_row][vc_column width=&#8221;1\/4&#8243;][vc_custom_heading text=&#8221;Dicas de Bem Estar&#8221; font_container=&#8221;tag:h2|font_size:10|text_align:center&#8221;][vc_single_image image=&#8221;6793&#8243; alignment=&#8221;center&#8221;][\/vc_column][vc_column width=&#8221;3\/4&#8243;][vc_column_text]Tempo \u00e9 um bem precioso e que se torna cada vez mais raro com o passar do tempo. O dia a dia corrido e a rotina que se subdivide em cuidar da fam\u00edlia e desempenhar atividades de estudo e de trabalho (conforme cada caso) nos afastam dos nossos prop\u00f3sitos de viver com qualidade. Nesse cen\u00e1rio, dicas de bem-estar s\u00e3o realmente bem-vindas&#8230; <a href=\"http:\/\/www.drogariasguanabara.com.br\/?p=6345\" target=\"_blank\" rel=\"noopener noreferrer\">Leia mais<\/a>[\/vc_column_text][vc_facebook][vc_tweetmeme type=&#8221;follow&#8221; follow_user=&#8221;Drogariaguanaba&#8221; follow_show_username=&#8221;&#8221; show_followers_count=&#8221;true&#8221; large_button=&#8221;true&#8221; lang=&#8221;pt&#8221;][\/vc_column][\/vc_row][vc_row][vc_column][vc_empty_space][vc_text_separator title=&#8221;SA\u00daDE&#8221;][\/vc_column][\/vc_row][vc_row][vc_column width=&#8221;1\/4&#8243;][vc_custom_heading text=&#8221;Alimentos que parecem saud\u00e1veis&#8221; font_container=&#8221;tag:h2|font_size:10|text_align:center&#8221;][vc_single_image image=&#8221;6736&#8243; alignment=&#8221;center&#8221;][\/vc_column][vc_column width=&#8221;3\/4&#8243;][vc_column_text]Barrinha de cereais, leite de soja e peito de peru s\u00e3o apenas algumas op\u00e7\u00f5es que voc\u00ea compra pensando na sa\u00fade do seu filho. Apesar da cara de nutritivos, cuidado: \u00e9 preciso consumi-los com modera\u00e7\u00e3o&#8230;<a href=\"http:\/\/www.drogariasguanabara.com.br\/?p=6497\" target=\"_blank\" rel=\"noopener noreferrer\">Leia mais<\/a>[\/vc_column_text][vc_facebook][vc_tweetmeme type=&#8221;follow&#8221; follow_user=&#8221;Drogariaguanaba&#8221; follow_show_username=&#8221;&#8221; show_followers_count=&#8221;true&#8221; large_button=&#8221;true&#8221; lang=&#8221;pt&#8221;][\/vc_column][\/vc_row][vc_row][vc_column width=&#8221;1\/4&#8243;][vc_custom_heading text=&#8221;Exerc\u00edcios di\u00e1rios!&#8221; font_container=&#8221;tag:h2|font_size:10|text_align:center&#8221;][vc_single_image image=&#8221;6740&#8243; alignment=&#8221;center&#8221;][\/vc_column][vc_column width=&#8221;3\/4&#8243;][vc_column_text]Para que voc\u00ea saiba sobre qual a import\u00e2ncia da realiza\u00e7\u00e3o di\u00e1ria de exerc\u00edcios, entenda que os exerc\u00edcios aer\u00f3bicos, como caminhada, pedalada, corrida, entre outros, ajudam muito na melhora do condicionamento f\u00edsico, cardiovascular, no combate de doen\u00e7as cr\u00f4nicas, no aumento de energia e de disposi\u00e7\u00e3o&#8230; <a href=\"http:\/\/www.drogariasguanabara.com.br\/?p=6493\" target=\"_blank\" rel=\"noopener noreferrer\">Leia mais<\/a>[\/vc_column_text][vc_facebook][vc_tweetmeme type=&#8221;follow&#8221; follow_user=&#8221;Drogariaguanaba&#8221; follow_show_username=&#8221;&#8221; show_followers_count=&#8221;true&#8221; large_button=&#8221;true&#8221; lang=&#8221;pt&#8221;][\/vc_column][\/vc_row][vc_row][vc_column width=&#8221;1\/4&#8243;][vc_custom_heading text=&#8221;Hipertens\u00e3o e Diabetes &#8221; font_container=&#8221;tag:h2|font_size:10|text_align:center&#8221;][vc_single_image image=&#8221;6751&#8243; alignment=&#8221;center&#8221;][\/vc_column][vc_column width=&#8221;3\/4&#8243;][vc_column_text]Hipertens\u00e3o e diabetes s\u00e3o duas das doen\u00e7as cr\u00f4nicas que mais preocupam os profissionais da sa\u00fade em todo o mundo&#8230;<a href=\"http:\/\/www.drogariasguanabara.com.br\/?p=6489\" target=\"_blank\" rel=\"noopener noreferrer\">Leia mais<\/a>[\/vc_column_text][vc_facebook][vc_tweetmeme type=&#8221;follow&#8221; follow_user=&#8221;Drogariaguanaba&#8221; follow_show_username=&#8221;&#8221; show_followers_count=&#8221;true&#8221; large_button=&#8221;true&#8221; lang=&#8221;pt&#8221;][\/vc_column][\/vc_row][vc_row][vc_column width=&#8221;1\/4&#8243;][vc_custom_heading text=&#8221;Aliviando os sintomas da gripe&#8221; font_container=&#8221;tag:h2|font_size:10|text_align:center&#8221;][vc_single_image image=&#8221;6755&#8243; alignment=&#8221;center&#8221;][\/vc_column][vc_column width=&#8221;3\/4&#8243;][vc_column_text]Nessa \u00e9poca do ano, os casos de gripes e resfriados aumentam muito. Isso porque o v\u00edrus sobrevive por mais tempo em temperaturas baixas&#8230;<a href=\"http:\/\/www.drogariasguanabara.com.br\/?p=6507\" target=\"_blank\" rel=\"noopener noreferrer\">Leia mais<\/a>[\/vc_column_text][vc_facebook][vc_tweetmeme type=&#8221;follow&#8221; follow_user=&#8221;Drogariaguanaba&#8221; follow_show_username=&#8221;&#8221; show_followers_count=&#8221;true&#8221; large_button=&#8221;true&#8221; lang=&#8221;pt&#8221;][\/vc_column][\/vc_row][vc_row][vc_column][vc_empty_space][vc_text_separator title=&#8221;BELEZA&#8221;][\/vc_column][\/vc_row][vc_row][vc_column width=&#8221;1\/4&#8243;][vc_custom_heading text=&#8221;L\u00e1bios Bonitos e Hidratados&#8221; font_container=&#8221;tag:h2|font_size:10|text_align:center&#8221;][vc_single_image image=&#8221;6774&#8243; alignment=&#8221;center&#8221;][\/vc_column][vc_column width=&#8221;3\/4&#8243;][vc_column_text]A boca \u00e9 uma parte do corpo que, muitas vezes, passa despercebida dos cuidados di\u00e1rios. Por\u00e9m, se n\u00e3o cuidarmos bem, ela pode ficar ressecada durante as esta\u00e7\u00f5es mais frias e at\u00e9 mesmo perder sua colora\u00e7\u00e3o original&#8230;<a href=\"http:\/\/www.drogariasguanabara.com.br\/?p=6461\" target=\"_blank\" rel=\"noopener noreferrer\">Leia mais<\/a>[\/vc_column_text][vc_facebook][vc_tweetmeme type=&#8221;follow&#8221; follow_user=&#8221;Drogariaguanaba&#8221; follow_show_username=&#8221;&#8221; show_followers_count=&#8221;true&#8221; large_button=&#8221;true&#8221; lang=&#8221;pt&#8221;][\/vc_column][\/vc_row][vc_row][vc_column][vc_empty_space][vc_text_separator title=&#8221;TURISMO&#8221;][\/vc_column][\/vc_row][vc_row][vc_column width=&#8221;1\/4&#8243;][vc_custom_heading text=&#8221;Planejando as f\u00e9rias &#8221; font_container=&#8221;tag:h2|font_size:10|text_align:center&#8221;][vc_single_image image=&#8221;6766&#8243; alignment=&#8221;center&#8221;][\/vc_column][vc_column width=&#8221;3\/4&#8243;][vc_column_text]Dezembro est\u00e1 chegando e muita gente come\u00e7a a planejar as f\u00e9rias. \u00c9 o momento de curtir a fam\u00edlia, se divertir, descansar e recarregar as baterias para o pr\u00f3ximo ano. Mas para que as f\u00e9rias dos sonhos sejam prazerosas sem comprometer o or\u00e7amento da fam\u00edlia, um bom planejamento \u00e9 essencial&#8230; <a href=\"http:\/\/www.drogariasguanabara.com.br\/?p=6763\" target=\"_blank\" rel=\"noopener noreferrer\">Leia mais<\/a>[\/vc_column_text][vc_facebook][vc_tweetmeme type=&#8221;follow&#8221; follow_user=&#8221;Drogariaguanaba&#8221; follow_show_username=&#8221;&#8221; show_followers_count=&#8221;true&#8221; large_button=&#8221;true&#8221; lang=&#8221;pt&#8221;][\/vc_column][\/vc_row]\n","protected":false},"excerpt":{"rendered":"<p>[vc_row][vc_column][vc_text_separator title=&#8221;RECEITAS&#8221;][\/vc_column][\/vc_row][vc_row][vc_column width=&#8221;1\/4&#8243;][vc_custom_heading text=&#8221;Reaproveitando Alimentos&#8221; font_container=&#8221;tag:h2|font_size:10|text_align:center&#8221;][vc_single_image image=&#8221;6715&#8243; alignment=&#8221;center&#8221;][\/vc_column][vc_column width=&#8221;3\/4&#8243;][vc_column_text]Reaproveitar alimentos \u00e9 uma das melhores formas de conseguir poupar dinheiro&#8230;Leia mais[\/vc_column_text][vc_facebook][vc_tweetmeme type=&#8221;follow&#8221; follow_user=&#8221;Drogariaguanaba&#8221; follow_show_username=&#8221;&#8221; show_followers_count=&#8221;true&#8221; large_button=&#8221;true&#8221; lang=&#8221;pt&#8221;][\/vc_column][\/vc_row][vc_row][vc_column width=&#8221;1\/4&#8243;][vc_custom_heading text=&#8221;Brownie de Beterraba&#8221; font_container=&#8221;tag:h2|font_size:10|text_align:center&#8221;][vc_single_image image=&#8221;6717&#8243; alignment=&#8221;center&#8221;][\/vc_column][vc_column width=&#8221;3\/4&#8243;][vc_column_text]Essa receita de brownie sem gl\u00faten oferece uma op\u00e7\u00e3o de como aproveitar um alimento&#8230; Leia mais[\/vc_column_text][vc_facebook][vc_tweetmeme type=&#8221;follow&#8221; follow_user=&#8221;Drogariaguanaba&#8221; follow_show_username=&#8221;&#8221; show_followers_count=&#8221;true&#8221; large_button=&#8221;true&#8221; lang=&#8221;pt&#8221;][\/vc_column][\/vc_row][vc_row][vc_column width=&#8221;1\/4&#8243;][vc_custom_heading text=&#8221;Crepioca de frango cremoso&#8221; font_container=&#8221;tag:h2|font_size:10|text_align:center&#8221;][vc_single_image image=&#8221;6722&#8243; alignment=&#8221;center&#8221;][\/vc_column][vc_column width=&#8221;3\/4&#8243;][vc_column_text]Conhe\u00e7a esta forma criativa e saud\u00e1vel de saborear a crepioca de frango [&hellip;]<\/p>\n","protected":false},"author":1,"featured_media":0,"parent":0,"menu_order":3,"comment_status":"closed","ping_status":"closed","template":"","meta":{"spay_email":""},"_links":{"self":[{"href":"https:\/\/www.drogariasguanabara.com.br\/index.php?rest_route=\/wp\/v2\/pages\/4857"}],"collection":[{"href":"https:\/\/www.drogariasguanabara.com.br\/index.php?rest_route=\/wp\/v2\/pages"}],"about":[{"href":"https:\/\/www.drogariasguanabara.com.br\/index.php?rest_route=\/wp\/v2\/types\/page"}],"author":[{"embeddable":true,"href":"https:\/\/www.drogariasguanabara.com.br\/index.php?rest_route=\/wp\/v2\/users\/1"}],"replies":[{"embeddable":true,"href":"https:\/\/www.drogariasguanabara.com.br\/index.php?rest_route=%2Fwp%2Fv2%2Fcomments&post=4857"}],"version-history":[{"count":295,"href":"https:\/\/www.drogariasguanabara.com.br\/index.php?rest_route=\/wp\/v2\/pages\/4857\/revisions"}],"predecessor-version":[{"id":6794,"href":"https:\/\/www.drogariasguanabara.com.br\/index.php?rest_route=\/wp\/v2\/pages\/4857\/revisions\/6794"}],"wp:attachment":[{"href":"https:\/\/www.drogariasguanabara.com.br\/index.php?rest_route=%2Fwp%2Fv2%2Fmedia&parent=4857"}],"curies":[{"name":"wp","href":"https:\/\/api.w.org\/{rel}","templated":true}]}}